{"id":21245636,"date":"2024-05-08T12:25:32","date_gmt":"2024-05-08T12:25:32","guid":{"rendered":"https:\/\/frion-kwaliteitsbeeld.nl\/2023\/?page_id=21245636"},"modified":"2024-05-28T09:49:17","modified_gmt":"2024-05-28T09:49:17","slug":"clienttevredenheid","status":"publish","type":"page","link":"https:\/\/frion-kwaliteitsbeeld.nl\/2023\/onderwerpen\/clienttevredenheid\/","title":{"rendered":"Cli\u00ebnttevredenheid"},"content":{"rendered":"<p>[et_pb_section fb_built=&#8221;1&#8243; _builder_version=&#8221;4.20.4&#8243; _module_preset=&#8221;default&#8221; background_color=&#8221;#E7F3F4&#8243; custom_padding=&#8221;60px||60px||true|false&#8221; global_colors_info=&#8221;{}&#8221;][et_pb_row column_structure=&#8221;3_5,2_5&#8243; make_equal=&#8221;on&#8221; _builder_version=&#8221;4.20.4&#8243; _module_preset=&#8221;default&#8221; global_colors_info=&#8221;{}&#8221;][et_pb_column type=&#8221;3_5&#8243; _builder_version=&#8221;4.20.4&#8243; _module_preset=&#8221;default&#8221; global_colors_info=&#8221;{}&#8221;][et_pb_text _builder_version=&#8221;4.25.1&#8243; _dynamic_attributes=&#8221;content&#8221; _module_preset=&#8221;default&#8221; header_font=&#8221;Chillion||||||||&#8221; header_text_color=&#8221;#93C01F&#8221; header_font_size=&#8221;48px&#8221; custom_margin=&#8221;70px||||false|false&#8221; header_font_size_tablet=&#8221;48px&#8221; header_font_size_phone=&#8221;32px&#8221; header_font_size_last_edited=&#8221;on|phone&#8221; global_colors_info=&#8221;{}&#8221;]@ET-DC@eyJkeW5hbWljIjp0cnVlLCJjb250ZW50IjoicG9zdF90aXRsZSIsInNldHRpbmdzIjp7ImJlZm9yZSI6IjxoMT4iLCJhZnRlciI6IjwvaDE+In19@[\/et_pb_text][\/et_pb_column][et_pb_column type=&#8221;2_5&#8243; _builder_version=&#8221;4.20.4&#8243; _module_preset=&#8221;default&#8221; global_colors_info=&#8221;{}&#8221;][et_pb_image src=&#8221;https:\/\/frion-kwaliteitsbeeld.nl\/2023\/wp-content\/uploads\/2024\/05\/client-tevredenheid.svg&#8221; title_text=&#8221;client-tevredenheid&#8221; align=&#8221;center&#8221; force_fullwidth=&#8221;on&#8221; _builder_version=&#8221;4.25.1&#8243; _module_preset=&#8221;default&#8221; module_alignment=&#8221;center&#8221; max_height=&#8221;200px&#8221; animation_style=&#8221;slide&#8221; global_colors_info=&#8221;{}&#8221;][\/et_pb_image][\/et_pb_column][\/et_pb_row][\/et_pb_section][et_pb_section fb_built=&#8221;1&#8243; _builder_version=&#8221;4.20.4&#8243; _module_preset=&#8221;default&#8221; custom_padding=&#8221;80px||120px||false|false&#8221; global_colors_info=&#8221;{}&#8221;][et_pb_row column_structure=&#8221;3_5,2_5&#8243; use_custom_gutter=&#8221;on&#8221; _builder_version=&#8221;4.20.4&#8243; _module_preset=&#8221;default&#8221; global_colors_info=&#8221;{}&#8221;][et_pb_column type=&#8221;3_5&#8243; _builder_version=&#8221;4.20.4&#8243; _module_preset=&#8221;default&#8221; global_colors_info=&#8221;{}&#8221;][et_pb_text _builder_version=&#8221;4.24.2&#8243; _module_preset=&#8221;default&#8221; header_2_font=&#8221;KOMIKH||||||||&#8221; header_2_text_color=&#8221;#000000&#8243; header_2_line_height=&#8221;1.5em&#8221; custom_margin=&#8221;||30px|||&#8221; global_colors_info=&#8221;{}&#8221;]<\/p>\n<h2>Bij Frion vinden we het belangrijk om met cli\u00ebnten in gesprek te zijn over hoe ze hun leven ervaren.<\/h2>\n<p>[\/et_pb_text][et_pb_text _builder_version=&#8221;4.24.2&#8243; _module_preset=&#8221;default&#8221; global_colors_info=&#8221;{}&#8221;]<\/p>\n<p>Hiervoor wordt het instrument \u2018Ben ik Tevreden\u2019 (BiT) gebruikt. De uitkomsten van het BiT-gesprek worden gebruikt om invulling te geven aan de doelen in het zorgplan van de cli\u00ebnt.<\/p>\n<p>In 2023 heeft 79,4% van de cli\u00ebnten deelgenomen aan het cli\u00ebnttevredenheidsonderzoek, ten opzichte van 67,2% in 2022. De gemiddelde tevredenheid van cli\u00ebnten is een 3,23 op een schaal van 1-4 waarbij 1 voor \u2018ontevreden\u2019 staat en 4 voor \u2018zeer tevreden\u2019 (in 2022 was dit 3,15). Cli\u00ebnten zijn het meest tevreden over hoe zij zich op hun werkplek binnen en buiten kunnen verplaatsen. Cli\u00ebnten geven met een score van 3 in 2023 aan het minst tevreden te zijn over hun eigen lijf. Deze resultaten zijn vergelijkbaar met de resultaten van 2022. Omdat cli\u00ebnten nog steeds het minst tevreden zijn over hun eigen lijf, blijft er extra aandacht voor dit thema door onder andere de inzet van aandachtsfunctionarissen leefstijl en in scholingen voor begeleiders om hier het gesprek over te voeren.<\/p>\n<p>12% van de cli\u00ebnten heeft aangegeven niet mee te willen doen met het cli\u00ebnttevredenheidsonderzoek. Voornamelijk ambulante cli\u00ebnten met een Wlz-indicatie geven aan niet deel te willen nemen aan het cli\u00ebnttevredenheidsonderzoek. Zij zien de meerwaarde niet of vonden het niet nodig om de BIT-vragenlijst te beantwoorden, omdat de onderwerpen tijdens reguliere ondersteuningsmomenten al waren besproken. In 2024 wordt onderzocht of het huidige cli\u00ebnttevredenheidsonderzoek nog passend is bij deze doelgroep en hoe we deelname aan het cli\u00ebnttevredenheidsonderzoek kunnen vergroten.<\/p>\n<p>De BiT gesprekken worden gevoerd door een BiT-gespreksvoerder (een medewerker die getraind is voor het voeren van dit gesprek) van de locatie. Om hen bekwaam te houden in het voeren van de BiT-gesprekken, vinden er jaarlijks terugkombijeenkomsten plaats waarbij leren van en met elkaar centraal staat. In 2023 waren de terugkombijeenkomsten gericht op intimiteit en seksualiteit en het voeren van het BiT-gesprek. Uit deze terugkombijeenkomsten is gebleken dat de BiT-gespreksvoerders vaker behoefte hebben aan intervisie. De trainingen worden dusdanig aangepast dat er meer ruimte is voor intervisie tijdens de verdiepingstrainingen.<\/p>\n<p>In 2022 werd ook met ambulante cli\u00ebnten met een WMO-indicatie een BiT-gesprek gevoerd. Doordat de vraagstelling van \u2018Ben ik Tevreden\u2019 niet goed aansluit bij de begeleidingsvragen van ambulante cli\u00ebnten, was de respons in 2022 laag onder deze doelgroep. In 2023 hebben ambulante cli\u00ebnten in de gemeente Zwolle deelgenomen aan een, door Frion ontworpen, cli\u00ebnttevredenheidsonderzoek. Dit leidde tot een respons van 96,2%. Cli\u00ebnten geven aan dat er nog verbetering mogelijk is in de communicatie naar de cli\u00ebnten toe, voornamelijk in het geval van het wijzigen of afzeggen van afspraken.<\/p>\n<p>[\/et_pb_text][et_pb_text _builder_version=&#8221;4.24.2&#8243; _module_preset=&#8221;default&#8221; custom_margin=&#8221;||8px|||&#8221; global_colors_info=&#8221;{}&#8221;]<\/p>\n<p><em>Gemiddelde tevredenheid BiT:<\/em><\/p>\n<p>[\/et_pb_text][et_pb_image src=&#8221;https:\/\/frion-kwaliteitsbeeld.nl\/2023\/wp-content\/uploads\/2024\/05\/BiT.png&#8221; title_text=&#8221;BiT&#8221; _builder_version=&#8221;4.24.2&#8243; _module_preset=&#8221;default&#8221; global_colors_info=&#8221;{}&#8221;][\/et_pb_image][et_pb_text _builder_version=&#8221;4.24.2&#8243; _module_preset=&#8221;default&#8221; custom_margin=&#8221;||8px|||&#8221; global_colors_info=&#8221;{}&#8221;]<\/p>\n<p><em>Resultaten module Werk en Dagbesteding:<\/em><\/p>\n<p>[\/et_pb_text][et_pb_image src=&#8221;https:\/\/frion-kwaliteitsbeeld.nl\/2023\/wp-content\/uploads\/2024\/05\/werkdagbesteding.png&#8221; title_text=&#8221;werkdagbesteding&#8221; _builder_version=&#8221;4.24.2&#8243; _module_preset=&#8221;default&#8221; global_colors_info=&#8221;{}&#8221;][\/et_pb_image][\/et_pb_column][et_pb_column type=&#8221;2_5&#8243; _builder_version=&#8221;4.20.4&#8243; _module_preset=&#8221;default&#8221; global_colors_info=&#8221;{}&#8221;][et_pb_image src=&#8221;https:\/\/frion-kwaliteitsbeeld.nl\/2023\/wp-content\/uploads\/2024\/05\/PTF_1615.jpg&#8221; title_text=&#8221;info@Petertimmerfotografie.nl&#8221; _builder_version=&#8221;4.25.1&#8243; _module_preset=&#8221;default&#8221; width=&#8221;90%&#8221; module_alignment=&#8221;left&#8221; custom_margin=&#8221;||110px||false|false&#8221; hover_enabled=&#8221;0&#8243; box_shadow_style=&#8221;preset4&#8243; box_shadow_horizontal=&#8221;60px&#8221; box_shadow_vertical=&#8221;60px&#8221; box_shadow_color=&#8221;#F2B400&#8243; global_colors_info=&#8221;{}&#8221; sticky_enabled=&#8221;0&#8243;][\/et_pb_image][et_pb_text _builder_version=&#8221;4.24.2&#8243; _module_preset=&#8221;default&#8221; header_3_font=&#8221;Isabel Bold Italic||||||||&#8221; header_3_text_color=&#8221;#F08904&#8243; header_3_font_size=&#8221;28px&#8221; header_3_line_height=&#8221;1.2em&#8221; global_colors_info=&#8221;{}&#8221;]<\/p>\n<h3>&#8220;De gemiddelde tevredenheid van cli\u00ebnten is een 3,23 op een schaal van 1-4 waarbij 1 voor \u2018ontevreden\u2019 staat en 4 voor \u2018zeer tevreden\u2019 (in 2022 was dit 3,15).&#8221;<\/h3>\n<p>[\/et_pb_text][\/et_pb_column][\/et_pb_row][\/et_pb_section][et_pb_section fb_built=&#8221;1&#8243; _builder_version=&#8221;4.20.4&#8243; _module_preset=&#8221;default&#8221; background_color=&#8221;#E7F3F4&#8243; custom_padding=&#8221;||0px||false|false&#8221; global_colors_info=&#8221;{}&#8221;][et_pb_row _builder_version=&#8221;4.20.4&#8243; _module_preset=&#8221;default&#8221; global_colors_info=&#8221;{}&#8221;][et_pb_column type=&#8221;4_4&#8243; _builder_version=&#8221;4.20.4&#8243; _module_preset=&#8221;default&#8221; global_colors_info=&#8221;{}&#8221;][et_pb_text _builder_version=&#8221;4.20.4&#8243; _module_preset=&#8221;default&#8221; header_2_text_align=&#8221;center&#8221; header_2_font_size=&#8221;44px&#8221; background_color=&#8221;RGBA(255,255,255,0)&#8221; global_colors_info=&#8221;{}&#8221;]<\/p>\n<h2 style=\"text-align: left;\">Verhalen<\/h2>\n<p>[\/et_pb_text][\/et_pb_column][\/et_pb_row][\/et_pb_section][et_pb_section fb_built=&#8221;1&#8243; disabled_on=&#8221;on|on|off&#8221; _builder_version=&#8221;4.20.4&#8243; _module_preset=&#8221;default&#8221; background_color=&#8221;#E7F3F4&#8243; width=&#8221;100%&#8221; max_width=&#8221;100%&#8221; custom_padding=&#8221;0px||||false|false&#8221; global_colors_info=&#8221;{}&#8221;][et_pb_row _builder_version=&#8221;4.20.4&#8243; _module_preset=&#8221;default&#8221; width=&#8221;100%&#8221; max_width=&#8221;100%&#8221; global_colors_info=&#8221;{}&#8221;][et_pb_column type=&#8221;4_4&#8243; _builder_version=&#8221;4.20.4&#8243; _module_preset=&#8221;default&#8221; global_colors_info=&#8221;{}&#8221;][dipi_blog_slider posts_number=&#8221;99&#8243; select_post_type=&#8221;project&#8221; select_custom_tax=&#8221;project_category&#8221; include_term_ids_of_project_category=&#8221;25&#8243; use_thumbnail_height=&#8221;on&#8221; orderby=&#8221;rand&#8221; show_author=&#8221;off&#8221; show_date=&#8221;off&#8221; show_categories=&#8221;off&#8221; show_excerpt=&#8221;off&#8221; columns=&#8221;3&#8243; space_between=&#8221;40&#8243; container_padding=&#8221;30px|40px|30px|40px|false|false&#8221; item_padding=&#8221;|0px|0px|0px|false|false&#8221; speed=&#8221;14000&#8243; image_animation=&#8221;zoomin&#8221; item_bg_color=&#8221;#ffffff&#8221; _builder_version=&#8221;4.24.2&#8243; _module_preset=&#8221;default&#8221; header_text_align=&#8221;center&#8221; header_font_size=&#8221;18px&#8221; header_line_height=&#8221;1.2em&#8221; custom_margin=&#8221;||||false|false&#8221; custom_padding=&#8221;||||false|false&#8221; global_colors_info=&#8221;{}&#8221;][\/dipi_blog_slider][\/et_pb_column][\/et_pb_row][\/et_pb_section][et_pb_section fb_built=&#8221;1&#8243; disabled_on=&#8221;off|off|on&#8221; _builder_version=&#8221;4.20.4&#8243; _module_preset=&#8221;default&#8221; background_color=&#8221;#E7F3F4&#8243; global_colors_info=&#8221;{}&#8221;][et_pb_row _builder_version=&#8221;4.20.4&#8243; _module_preset=&#8221;default&#8221; global_colors_info=&#8221;{}&#8221;][et_pb_column type=&#8221;4_4&#8243; _builder_version=&#8221;4.20.4&#8243; _module_preset=&#8221;default&#8221; global_colors_info=&#8221;{}&#8221;][et_pb_portfolio fullwidth=&#8221;off&#8221; posts_number=&#8221;99&#8243; include_categories=&#8221;25&#8243; _builder_version=&#8221;4.24.2&#8243; _module_preset=&#8221;default&#8221; caption_line_height=&#8221;1.4em&#8221; global_colors_info=&#8221;{}&#8221;][\/et_pb_portfolio][\/et_pb_column][\/et_pb_row][\/et_pb_section]<\/p>\n","protected":false},"excerpt":{"rendered":"<p>Bij Frion vinden we het belangrijk om met cli\u00ebnten in gesprek te zijn over hoe ze hun leven ervaren.Hiervoor wordt het instrument \u2018Ben ik Tevreden\u2019 (BiT) gebruikt. De uitkomsten van het BiT-gesprek worden gebruikt om invulling te geven aan de doelen in het zorgplan van de cli\u00ebnt. In 2023 heeft 79,4% van de cli\u00ebnten deelgenomen [&hellip;]<\/p>\n","protected":false},"author":1,"featured_media":0,"parent":59,"menu_order":6,"comment_status":"closed","ping_status":"closed","template":"","meta":{"_et_pb_use_builder":"on","_et_pb_old_content":"","_et_gb_content_width":"","inline_featured_image":false,"footnotes":""},"class_list":["post-21245636","page","type-page","status-publish","hentry"],"_links":{"self":[{"href":"https:\/\/frion-kwaliteitsbeeld.nl\/2023\/wp-json\/wp\/v2\/pages\/21245636","targetHints":{"allow":["GET"]}}],"collection":[{"href":"https:\/\/frion-kwaliteitsbeeld.nl\/2023\/wp-json\/wp\/v2\/pages"}],"about":[{"href":"https:\/\/frion-kwaliteitsbeeld.nl\/2023\/wp-json\/wp\/v2\/types\/page"}],"author":[{"embeddable":true,"href":"https:\/\/frion-kwaliteitsbeeld.nl\/2023\/wp-json\/wp\/v2\/users\/1"}],"replies":[{"embeddable":true,"href":"https:\/\/frion-kwaliteitsbeeld.nl\/2023\/wp-json\/wp\/v2\/comments?post=21245636"}],"version-history":[{"count":8,"href":"https:\/\/frion-kwaliteitsbeeld.nl\/2023\/wp-json\/wp\/v2\/pages\/21245636\/revisions"}],"predecessor-version":[{"id":21246431,"href":"https:\/\/frion-kwaliteitsbeeld.nl\/2023\/wp-json\/wp\/v2\/pages\/21245636\/revisions\/21246431"}],"up":[{"embeddable":true,"href":"https:\/\/frion-kwaliteitsbeeld.nl\/2023\/wp-json\/wp\/v2\/pages\/59"}],"wp:attachment":[{"href":"https:\/\/frion-kwaliteitsbeeld.nl\/2023\/wp-json\/wp\/v2\/media?parent=21245636"}],"curies":[{"name":"wp","href":"https:\/\/api.w.org\/{rel}","templated":true}]}}