{"id":21245644,"date":"2024-05-08T12:31:15","date_gmt":"2024-05-08T12:31:15","guid":{"rendered":"https:\/\/frion-kwaliteitsbeeld.nl\/2023\/?page_id=21245644"},"modified":"2024-05-28T09:52:13","modified_gmt":"2024-05-28T09:52:13","slug":"leefstijl","status":"publish","type":"page","link":"https:\/\/frion-kwaliteitsbeeld.nl\/2023\/onderwerpen\/leefstijl\/","title":{"rendered":"Leefstijl"},"content":{"rendered":"<p>[et_pb_section fb_built=&#8221;1&#8243; _builder_version=&#8221;4.20.4&#8243; _module_preset=&#8221;default&#8221; background_color=&#8221;#E7F3F4&#8243; custom_padding=&#8221;60px||60px||true|false&#8221; global_colors_info=&#8221;{}&#8221;][et_pb_row column_structure=&#8221;3_5,2_5&#8243; make_equal=&#8221;on&#8221; _builder_version=&#8221;4.20.4&#8243; _module_preset=&#8221;default&#8221; global_colors_info=&#8221;{}&#8221;][et_pb_column type=&#8221;3_5&#8243; _builder_version=&#8221;4.20.4&#8243; _module_preset=&#8221;default&#8221; global_colors_info=&#8221;{}&#8221;][et_pb_text _builder_version=&#8221;4.25.1&#8243; _dynamic_attributes=&#8221;content&#8221; _module_preset=&#8221;default&#8221; header_font=&#8221;Chillion||||||||&#8221; header_text_color=&#8221;#93C01F&#8221; header_font_size=&#8221;48px&#8221; custom_margin=&#8221;70px||||false|false&#8221; header_font_size_tablet=&#8221;48px&#8221; header_font_size_phone=&#8221;32px&#8221; header_font_size_last_edited=&#8221;on|phone&#8221; global_colors_info=&#8221;{}&#8221;]@ET-DC@eyJkeW5hbWljIjp0cnVlLCJjb250ZW50IjoicG9zdF90aXRsZSIsInNldHRpbmdzIjp7ImJlZm9yZSI6IjxoMT4iLCJhZnRlciI6IjwvaDE+In19@[\/et_pb_text][\/et_pb_column][et_pb_column type=&#8221;2_5&#8243; _builder_version=&#8221;4.20.4&#8243; _module_preset=&#8221;default&#8221; global_colors_info=&#8221;{}&#8221;][et_pb_image src=&#8221;https:\/\/frion-kwaliteitsbeeld.nl\/2023\/wp-content\/uploads\/2024\/05\/Leefstijl.svg&#8221; title_text=&#8221;Leefstijl&#8221; align=&#8221;center&#8221; force_fullwidth=&#8221;on&#8221; _builder_version=&#8221;4.25.1&#8243; _module_preset=&#8221;default&#8221; module_alignment=&#8221;center&#8221; max_height=&#8221;200px&#8221; animation_style=&#8221;slide&#8221; global_colors_info=&#8221;{}&#8221;][\/et_pb_image][\/et_pb_column][\/et_pb_row][\/et_pb_section][et_pb_section fb_built=&#8221;1&#8243; _builder_version=&#8221;4.20.4&#8243; _module_preset=&#8221;default&#8221; custom_padding=&#8221;80px||120px||false|false&#8221; global_colors_info=&#8221;{}&#8221;][et_pb_row column_structure=&#8221;3_5,2_5&#8243; use_custom_gutter=&#8221;on&#8221; _builder_version=&#8221;4.20.4&#8243; _module_preset=&#8221;default&#8221; global_colors_info=&#8221;{}&#8221;][et_pb_column type=&#8221;3_5&#8243; _builder_version=&#8221;4.20.4&#8243; _module_preset=&#8221;default&#8221; global_colors_info=&#8221;{}&#8221;][et_pb_text _builder_version=&#8221;4.24.2&#8243; _module_preset=&#8221;default&#8221; header_2_font=&#8221;KOMIKH||||||||&#8221; header_2_text_color=&#8221;#000000&#8243; header_2_line_height=&#8221;1.5em&#8221; custom_margin=&#8221;||30px|||&#8221; global_colors_info=&#8221;{}&#8221;]<\/p>\n<h2>Een gezonde leefstijl draagt bij aan het persoonlijke welzijn van onze cli\u00ebnten en aan duurzame zorg.<\/h2>\n<p>[\/et_pb_text][et_pb_text _builder_version=&#8221;4.24.2&#8243; _module_preset=&#8221;default&#8221; global_colors_info=&#8221;{}&#8221;]<\/p>\n<p>Onder leefstijl verstaan we de manier waarop een cli\u00ebnt zijn of haar leven leidt. Dit omvat onder andere eetgewoonten, slaappatroon, stressniveau en vrijetijdsbesteding. In 2023 was er ook weer ruimte en enthousiasme om diverse activiteiten te organiseren. Zowel cli\u00ebnten, medewerkers als verwanten en vrijwilligers namen enthousiast deel aan deze activiteiten. De initiatieven cre\u00eberden niet alleen (werk)plezier, maar droegen ook bij aan het cre\u00ebren van verbindingen binnen en buiten de organisatie.<\/p>\n<p>In 2023 heeft (bijna) elke locatie een aandachtsfunctionaris leefstijl. Een aandachtsfunctionaris leefstijl is een begeleider die het bewustzijn omtrent een gezonde leefstijl vergroot. Daarbij wordt nauw samengewerkt met de paramedische dienst. Door deze nauwe samenwerking worden bepaalde signalen zoals slechter eten of bewegen bij cli\u00ebnten sneller opgemerkt en acties uitgezet. Hierdoor voorkomen we ernstige problematiek en lange behandeltrajecten.<\/p>\n<p>[\/et_pb_text][et_pb_image src=&#8221;https:\/\/frion-kwaliteitsbeeld.nl\/2023\/wp-content\/uploads\/2023\/04\/groepje-eten.svg&#8221; title_text=&#8221;groepje-eten&#8221; align=&#8221;center&#8221; _builder_version=&#8221;4.25.1&#8243; _module_preset=&#8221;default&#8221; width=&#8221;61%&#8221; animation_style=&#8221;slide&#8221; hover_enabled=&#8221;0&#8243; global_colors_info=&#8221;{}&#8221; sticky_enabled=&#8221;0&#8243;][\/et_pb_image][\/et_pb_column][et_pb_column type=&#8221;2_5&#8243; _builder_version=&#8221;4.20.4&#8243; _module_preset=&#8221;default&#8221; global_colors_info=&#8221;{}&#8221;][et_pb_image src=&#8221;https:\/\/frion-kwaliteitsbeeld.nl\/2023\/wp-content\/uploads\/2024\/05\/PTF_9826.jpg&#8221; title_text=&#8221;info@Petertimmerfotografie.nl&#8221; _builder_version=&#8221;4.25.1&#8243; _module_preset=&#8221;default&#8221; width=&#8221;90%&#8221; module_alignment=&#8221;left&#8221; custom_margin=&#8221;||110px||false|false&#8221; hover_enabled=&#8221;0&#8243; box_shadow_style=&#8221;preset4&#8243; box_shadow_horizontal=&#8221;60px&#8221; box_shadow_vertical=&#8221;60px&#8221; box_shadow_color=&#8221;#F2B400&#8243; global_colors_info=&#8221;{}&#8221; sticky_enabled=&#8221;0&#8243;][\/et_pb_image][et_pb_text _builder_version=&#8221;4.24.2&#8243; _module_preset=&#8221;default&#8221; header_3_font=&#8221;Isabel Bold Italic||||||||&#8221; header_3_text_color=&#8221;#F08904&#8243; header_3_font_size=&#8221;28px&#8221; header_3_line_height=&#8221;1.2em&#8221; global_colors_info=&#8221;{}&#8221;]<\/p>\n<h3>&#8220;In 2023 heeft (bijna) elke locatie een aandachtsfunctionaris leefstijl.&#8221;<\/h3>\n<p>[\/et_pb_text][\/et_pb_column][\/et_pb_row][\/et_pb_section][et_pb_section fb_built=&#8221;1&#8243; _builder_version=&#8221;4.20.4&#8243; _module_preset=&#8221;default&#8221; background_color=&#8221;#E7F3F4&#8243; custom_padding=&#8221;||0px||false|false&#8221; global_colors_info=&#8221;{}&#8221;][et_pb_row _builder_version=&#8221;4.20.4&#8243; _module_preset=&#8221;default&#8221; global_colors_info=&#8221;{}&#8221;][et_pb_column type=&#8221;4_4&#8243; _builder_version=&#8221;4.20.4&#8243; _module_preset=&#8221;default&#8221; global_colors_info=&#8221;{}&#8221;][et_pb_text _builder_version=&#8221;4.20.4&#8243; _module_preset=&#8221;default&#8221; header_2_text_align=&#8221;center&#8221; header_2_font_size=&#8221;44px&#8221; background_color=&#8221;RGBA(255,255,255,0)&#8221; global_colors_info=&#8221;{}&#8221;]<\/p>\n<h2 style=\"text-align: left;\">Verhalen<\/h2>\n<p>[\/et_pb_text][\/et_pb_column][\/et_pb_row][\/et_pb_section][et_pb_section fb_built=&#8221;1&#8243; disabled_on=&#8221;on|on|off&#8221; _builder_version=&#8221;4.20.4&#8243; _module_preset=&#8221;default&#8221; background_color=&#8221;#E7F3F4&#8243; width=&#8221;100%&#8221; max_width=&#8221;100%&#8221; custom_padding=&#8221;0px||||false|false&#8221; global_colors_info=&#8221;{}&#8221;][et_pb_row _builder_version=&#8221;4.20.4&#8243; _module_preset=&#8221;default&#8221; width=&#8221;100%&#8221; max_width=&#8221;100%&#8221; global_colors_info=&#8221;{}&#8221;][et_pb_column type=&#8221;4_4&#8243; _builder_version=&#8221;4.20.4&#8243; _module_preset=&#8221;default&#8221; global_colors_info=&#8221;{}&#8221;][dipi_blog_slider posts_number=&#8221;99&#8243; select_post_type=&#8221;project&#8221; select_custom_tax=&#8221;project_category&#8221; include_term_ids_of_project_category=&#8221;16&#8243; use_thumbnail_height=&#8221;on&#8221; orderby=&#8221;rand&#8221; show_author=&#8221;off&#8221; show_date=&#8221;off&#8221; show_categories=&#8221;off&#8221; show_excerpt=&#8221;off&#8221; columns=&#8221;3&#8243; space_between=&#8221;40&#8243; container_padding=&#8221;30px|40px|30px|40px|false|false&#8221; item_padding=&#8221;|0px|0px|0px|false|false&#8221; speed=&#8221;14000&#8243; loop=&#8221;on&#8221; autoplay=&#8221;on&#8221; pause_on_hover=&#8221;off&#8221; autoplay_speed=&#8221;0&#8243; centered=&#8221;on&#8221; image_animation=&#8221;zoomin&#8221; item_bg_color=&#8221;#ffffff&#8221; _builder_version=&#8221;4.24.2&#8243; _module_preset=&#8221;default&#8221; header_text_align=&#8221;center&#8221; header_font_size=&#8221;18px&#8221; header_line_height=&#8221;1.2em&#8221; custom_margin=&#8221;||||false|false&#8221; custom_padding=&#8221;||||false|false&#8221; global_colors_info=&#8221;{}&#8221;][\/dipi_blog_slider][\/et_pb_column][\/et_pb_row][\/et_pb_section][et_pb_section fb_built=&#8221;1&#8243; disabled_on=&#8221;off|off|on&#8221; _builder_version=&#8221;4.20.4&#8243; _module_preset=&#8221;default&#8221; background_color=&#8221;#E7F3F4&#8243; global_colors_info=&#8221;{}&#8221;][et_pb_row _builder_version=&#8221;4.20.4&#8243; _module_preset=&#8221;default&#8221; global_colors_info=&#8221;{}&#8221;][et_pb_column type=&#8221;4_4&#8243; _builder_version=&#8221;4.20.4&#8243; _module_preset=&#8221;default&#8221; global_colors_info=&#8221;{}&#8221;][et_pb_portfolio fullwidth=&#8221;off&#8221; posts_number=&#8221;99&#8243; include_categories=&#8221;16&#8243; _builder_version=&#8221;4.24.2&#8243; _module_preset=&#8221;default&#8221; caption_line_height=&#8221;1.4em&#8221; global_colors_info=&#8221;{}&#8221;][\/et_pb_portfolio][\/et_pb_column][\/et_pb_row][\/et_pb_section]<\/p>\n","protected":false},"excerpt":{"rendered":"<p>Een gezonde leefstijl draagt bij aan het persoonlijke welzijn van onze cli\u00ebnten en aan duurzame zorg.Onder leefstijl verstaan we de manier waarop een cli\u00ebnt zijn of haar leven leidt. Dit omvat onder andere eetgewoonten, slaappatroon, stressniveau en vrijetijdsbesteding. In 2023 was er ook weer ruimte en enthousiasme om diverse activiteiten te organiseren. Zowel cli\u00ebnten, medewerkers [&hellip;]<\/p>\n","protected":false},"author":1,"featured_media":0,"parent":59,"menu_order":7,"comment_status":"closed","ping_status":"closed","template":"","meta":{"_et_pb_use_builder":"on","_et_pb_old_content":"","_et_gb_content_width":"","inline_featured_image":false,"footnotes":""},"class_list":["post-21245644","page","type-page","status-publish","hentry"],"_links":{"self":[{"href":"https:\/\/frion-kwaliteitsbeeld.nl\/2023\/wp-json\/wp\/v2\/pages\/21245644","targetHints":{"allow":["GET"]}}],"collection":[{"href":"https:\/\/frion-kwaliteitsbeeld.nl\/2023\/wp-json\/wp\/v2\/pages"}],"about":[{"href":"https:\/\/frion-kwaliteitsbeeld.nl\/2023\/wp-json\/wp\/v2\/types\/page"}],"author":[{"embeddable":true,"href":"https:\/\/frion-kwaliteitsbeeld.nl\/2023\/wp-json\/wp\/v2\/users\/1"}],"replies":[{"embeddable":true,"href":"https:\/\/frion-kwaliteitsbeeld.nl\/2023\/wp-json\/wp\/v2\/comments?post=21245644"}],"version-history":[{"count":7,"href":"https:\/\/frion-kwaliteitsbeeld.nl\/2023\/wp-json\/wp\/v2\/pages\/21245644\/revisions"}],"predecessor-version":[{"id":21246434,"href":"https:\/\/frion-kwaliteitsbeeld.nl\/2023\/wp-json\/wp\/v2\/pages\/21245644\/revisions\/21246434"}],"up":[{"embeddable":true,"href":"https:\/\/frion-kwaliteitsbeeld.nl\/2023\/wp-json\/wp\/v2\/pages\/59"}],"wp:attachment":[{"href":"https:\/\/frion-kwaliteitsbeeld.nl\/2023\/wp-json\/wp\/v2\/media?parent=21245644"}],"curies":[{"name":"wp","href":"https:\/\/api.w.org\/{rel}","templated":true}]}}